{"id":18938,"date":"2026-04-30T09:34:25","date_gmt":"2026-04-30T08:34:25","guid":{"rendered":"https:\/\/sanatmetal.hu\/ve-chung-toi\/"},"modified":"2026-04-30T09:34:25","modified_gmt":"2026-04-30T08:34:25","slug":"ve-chung-toi","status":"publish","type":"page","link":"https:\/\/sanatmetal.hu\/vi\/ve-chung-toi\/","title":{"rendered":"V\u1ec1 ch\u00fang t\u00f4i"},"content":{"rendered":"<h1><\/h1>\n<p>&#8220;T\u1ea1i Sanatmetal, ch\u00fang t\u00f4i \u0111\u00e3 n\u1ed7 l\u1ef1c h\u01a1n n\u1eeda th\u1ebf k\u1ef7 \u0111\u1ec3 n\u00e2ng cao ch\u1ea5t l\u01b0\u1ee3ng cu\u1ed9c s\u1ed1ng c\u1ee7a m\u1ecdi ng\u01b0\u1eddi b\u1eb1ng c\u00e1c s\u1ea3n ph\u1ea9m y t\u1ebf \u0111\u1ea1t ti\u00eau chu\u1ea9n qu\u1ed1c t\u1ebf.&#8221; \u0110\u1ec3 \u0111\u1ea1t \u0111\u01b0\u1ee3c k\u1ebft qu\u1ea3 t\u1ed1t nh\u1ea5t, ch\u00fang t\u00f4i \u0111\u00e3 ph\u00e1t tri\u1ec3n c\u00e1c chuy\u00ean ng\u00e0nh v\u1ec1 ch\u1ea5n th\u01b0\u01a1ng ch\u1ec9nh h\u00ecnh, ph\u1eabu thu\u1eadt c\u1ed9t s\u1ed1ng v\u00e0 c\u1ea5y gh\u00e9p nha khoa c\u0169ng nh\u01b0 c\u00e1c thi\u1ebft b\u1ecb ch\u1ea9n \u0111o\u00e1n ti\u00ean ti\u1ebfn v\u1edbi s\u1ef1 h\u1ee3p t\u00e1c c\u1ee7a c\u00e1c b\u00e1c s\u0129 n\u1ed5i ti\u1ebfng qu\u1ed1c t\u1ebf v\u00e0 c\u00e1c c\u00f4ng ty h\u00e0ng \u0111\u1ea7u th\u1ebf gi\u1edbi. S\u1ef1 hi\u1ec7n di\u1ec7n c\u1ee7a ch\u00fang t\u00f4i trong ng\u00e0nh \u0111\u01b0\u1ee3c \u0111\u1eb7c tr\u01b0ng b\u1edfi t\u00ednh c\u1edfi m\u1edf v\u00e0 t\u01b0 duy \u0111\u1ed5i m\u1edbi, ch\u00fang t\u00f4i lu\u00f4n t\u00ecm ki\u1ebfm nh\u1eefng c\u01a1 h\u1ed9i ti\u1ebfn b\u1ed9 v\u00e0 h\u1ee3p t\u00e1c. B\u00ean c\u1ea1nh \u0111\u00f3, vi\u1ec7c cung c\u1ea5p cho h\u01a1n 300 nh\u00e2n vi\u00ean m\u1ed9t m\u00f4i tr\u01b0\u1eddng l\u00e0m vi\u1ec7c an to\u00e0n v\u00e0 d\u1ec5 ch\u1ecbu, n\u01a1i h\u1ecd c\u00f3 th\u1ec3 vui v\u1ebb l\u00e0m vi\u1ec7c m\u1ed7i ng\u00e0y, c\u0169ng v\u00f4 c\u00f9ng quan tr\u1ecdng \u0111\u1ed1i v\u1edbi ch\u00fang t\u00f4i nh\u1eb1m \u0111\u1ea1t \u0111\u01b0\u1ee3c m\u1ee5c ti\u00eau chung l\u00e0 l\u00e0m cho cu\u1ed9c s\u1ed1ng c\u1ee7a m\u1ecdi ng\u01b0\u1eddi d\u1ec5 d\u00e0ng h\u01a1n.\u201d<\/p>\n<h1><\/h1>\n<p class=\"mb-0\"><strong>J\u00f3zsef Farkas<\/strong><\/p>\n<p class=\"mb-0\">Gi\u00e1m \u0111\u1ed1c \u0111i\u1ec1u h\u00e0nh<\/p>\n","protected":false},"excerpt":{"rendered":"<p>&#8220;T\u1ea1i Sanatmetal, ch\u00fang t\u00f4i \u0111\u00e3 n\u1ed7 l\u1ef1c h\u01a1n n\u1eeda th\u1ebf k\u1ef7 \u0111\u1ec3 n\u00e2ng cao ch\u1ea5t l\u01b0\u1ee3ng cu\u1ed9c s\u1ed1ng c\u1ee7a m\u1ecdi ng\u01b0\u1eddi b\u1eb1ng c\u00e1c s\u1ea3n ph\u1ea9m y t\u1ebf \u0111\u1ea1t ti\u00eau chu\u1ea9n qu\u1ed1c t\u1ebf.&#8221; \u0110\u1ec3 \u0111\u1ea1t \u0111\u01b0\u1ee3c k\u1ebft qu\u1ea3 t\u1ed1t nh\u1ea5t, ch\u00fang t\u00f4i \u0111\u00e3 ph\u00e1t tri\u1ec3n c\u00e1c chuy\u00ean ng\u00e0nh v\u1ec1 ch\u1ea5n th\u01b0\u01a1ng ch\u1ec9nh h\u00ecnh, ph\u1eabu thu\u1eadt c\u1ed9t [&hellip;]<\/p>\n","protected":false},"author":1,"featured_media":18939,"parent":0,"menu_order":0,"comment_status":"closed","ping_status":"closed","template":"page-rolunk.php","meta":{"footnotes":""},"class_list":["post-18938","page","type-page","status-publish","has-post-thumbnail","hentry"],"yoast_head":"<!-- This site is optimized with the Yoast SEO plugin v27.2 - https:\/\/yoast.com\/product\/yoast-seo-wordpress\/ -->\n<title>V\u1ec1 ch\u00fang t\u00f4i - Sanatmetal<\/title>\n<meta name=\"robots\" content=\"index, follow, max-snippet:-1, max-image-preview:large, max-video-preview:-1\" \/>\n<link rel=\"canonical\" href=\"https:\/\/sanatmetal.hu\/vi\/ve-chung-toi\/\" \/>\n<meta property=\"og:locale\" content=\"vi_VN\" \/>\n<meta property=\"og:type\" content=\"article\" \/>\n<meta property=\"og:title\" content=\"V\u1ec1 ch\u00fang t\u00f4i - Sanatmetal\" \/>\n<meta property=\"og:description\" content=\"&#8220;T\u1ea1i Sanatmetal, ch\u00fang t\u00f4i \u0111\u00e3 n\u1ed7 l\u1ef1c h\u01a1n n\u1eeda th\u1ebf k\u1ef7 \u0111\u1ec3 n\u00e2ng cao ch\u1ea5t l\u01b0\u1ee3ng cu\u1ed9c s\u1ed1ng c\u1ee7a m\u1ecdi ng\u01b0\u1eddi b\u1eb1ng c\u00e1c s\u1ea3n ph\u1ea9m y t\u1ebf \u0111\u1ea1t ti\u00eau chu\u1ea9n qu\u1ed1c t\u1ebf.&#8221; \u0110\u1ec3 \u0111\u1ea1t \u0111\u01b0\u1ee3c k\u1ebft qu\u1ea3 t\u1ed1t nh\u1ea5t, ch\u00fang t\u00f4i \u0111\u00e3 ph\u00e1t tri\u1ec3n c\u00e1c chuy\u00ean ng\u00e0nh v\u1ec1 ch\u1ea5n th\u01b0\u01a1ng ch\u1ec9nh h\u00ecnh, ph\u1eabu thu\u1eadt c\u1ed9t [&hellip;]\" \/>\n<meta property=\"og:url\" content=\"https:\/\/sanatmetal.hu\/ve-chung-toi\/\" \/>\n<meta property=\"og:site_name\" content=\"Sanatmetal\" \/>\n<meta name=\"twitter:card\" content=\"summary_large_image\" \/>\n<meta name=\"twitter:label1\" content=\"Est. reading time\" \/>\n\t<meta name=\"twitter:data1\" content=\"2 minutes\" \/>\n<script type=\"application\/ld+json\" class=\"yoast-schema-graph\">{\"@context\":\"https:\/\/schema.org\",\"@graph\":[{\"@type\":\"WebPage\",\"@id\":\"https:\/\/sanatmetal.hu\/ve-chung-toi\/\",\"url\":\"https:\/\/sanatmetal.hu\/ve-chung-toi\/\",\"name\":\"V\u1ec1 ch\u00fang t\u00f4i - Sanatmetal\",\"isPartOf\":{\"@id\":\"https:\/\/sanatmetal.hu\/#website\"},\"primaryImageOfPage\":{\"@id\":\"https:\/\/sanatmetal.hu\/ve-chung-toi\/#primaryimage\"},\"image\":{\"@id\":\"https:\/\/sanatmetal.hu\/ve-chung-toi\/#primaryimage\"},\"thumbnailUrl\":\"https:\/\/sanatmetal.hu\/wp-content\/uploads\/2020\/01\/header_rolunk.webp\",\"datePublished\":\"2026-04-30T08:34:25+00:00\",\"breadcrumb\":{\"@id\":\"https:\/\/sanatmetal.hu\/ve-chung-toi\/#breadcrumb\"},\"inLanguage\":\"vi-VN\",\"potentialAction\":[{\"@type\":\"ReadAction\",\"target\":[\"https:\/\/sanatmetal.hu\/ve-chung-toi\/\"]}]},{\"@type\":\"ImageObject\",\"inLanguage\":\"vi-VN\",\"@id\":\"https:\/\/sanatmetal.hu\/ve-chung-toi\/#primaryimage\",\"url\":\"https:\/\/sanatmetal.hu\/wp-content\/uploads\/2020\/01\/header_rolunk.webp\",\"contentUrl\":\"https:\/\/sanatmetal.hu\/wp-content\/uploads\/2020\/01\/header_rolunk.webp\",\"width\":1914,\"height\":776},{\"@type\":\"BreadcrumbList\",\"@id\":\"https:\/\/sanatmetal.hu\/ve-chung-toi\/#breadcrumb\",\"itemListElement\":[{\"@type\":\"ListItem\",\"position\":1,\"name\":\"Home\",\"item\":\"https:\/\/sanatmetal.hu\/trang-chu\/\"},{\"@type\":\"ListItem\",\"position\":2,\"name\":\"V\u1ec1 ch\u00fang t\u00f4i\"}]},{\"@type\":\"WebSite\",\"@id\":\"https:\/\/sanatmetal.hu\/#website\",\"url\":\"https:\/\/sanatmetal.hu\/\",\"name\":\"Sanatmetal\",\"description\":\"\",\"publisher\":{\"@id\":\"https:\/\/sanatmetal.hu\/#organization\"},\"potentialAction\":[{\"@type\":\"SearchAction\",\"target\":{\"@type\":\"EntryPoint\",\"urlTemplate\":\"https:\/\/sanatmetal.hu\/?s={search_term_string}\"},\"query-input\":{\"@type\":\"PropertyValueSpecification\",\"valueRequired\":true,\"valueName\":\"search_term_string\"}}],\"inLanguage\":\"vi-VN\"},{\"@type\":\"Organization\",\"@id\":\"https:\/\/sanatmetal.hu\/#organization\",\"name\":\"Sanatmetal\",\"url\":\"https:\/\/sanatmetal.hu\/\",\"logo\":{\"@type\":\"ImageObject\",\"inLanguage\":\"vi-VN\",\"@id\":\"https:\/\/sanatmetal.hu\/#\/schema\/logo\/image\/\",\"url\":\"https:\/\/sanatmetal.hu\/wp-content\/uploads\/2024\/10\/Nevtelen-terv-5-e1728647058747.png\",\"contentUrl\":\"https:\/\/sanatmetal.hu\/wp-content\/uploads\/2024\/10\/Nevtelen-terv-5-e1728647058747.png\",\"width\":1410,\"height\":1293,\"caption\":\"Sanatmetal\"},\"image\":{\"@id\":\"https:\/\/sanatmetal.hu\/#\/schema\/logo\/image\/\"}}]}<\/script>\n<!-- \/ Yoast SEO plugin. -->","yoast_head_json":{"title":"V\u1ec1 ch\u00fang t\u00f4i - Sanatmetal","robots":{"index":"index","follow":"follow","max-snippet":"max-snippet:-1","max-image-preview":"max-image-preview:large","max-video-preview":"max-video-preview:-1"},"canonical":"https:\/\/sanatmetal.hu\/vi\/ve-chung-toi\/","og_locale":"vi_VN","og_type":"article","og_title":"V\u1ec1 ch\u00fang t\u00f4i - Sanatmetal","og_description":"&#8220;T\u1ea1i Sanatmetal, ch\u00fang t\u00f4i \u0111\u00e3 n\u1ed7 l\u1ef1c h\u01a1n n\u1eeda th\u1ebf k\u1ef7 \u0111\u1ec3 n\u00e2ng cao ch\u1ea5t l\u01b0\u1ee3ng cu\u1ed9c s\u1ed1ng c\u1ee7a m\u1ecdi ng\u01b0\u1eddi b\u1eb1ng c\u00e1c s\u1ea3n ph\u1ea9m y t\u1ebf \u0111\u1ea1t ti\u00eau chu\u1ea9n qu\u1ed1c t\u1ebf.&#8221; \u0110\u1ec3 \u0111\u1ea1t \u0111\u01b0\u1ee3c k\u1ebft qu\u1ea3 t\u1ed1t nh\u1ea5t, ch\u00fang t\u00f4i \u0111\u00e3 ph\u00e1t tri\u1ec3n c\u00e1c chuy\u00ean ng\u00e0nh v\u1ec1 ch\u1ea5n th\u01b0\u01a1ng ch\u1ec9nh h\u00ecnh, ph\u1eabu thu\u1eadt c\u1ed9t [&hellip;]","og_url":"https:\/\/sanatmetal.hu\/ve-chung-toi\/","og_site_name":"Sanatmetal","twitter_card":"summary_large_image","twitter_misc":{"Est. reading time":"2 minutes"},"schema":{"@context":"https:\/\/schema.org","@graph":[{"@type":"WebPage","@id":"https:\/\/sanatmetal.hu\/ve-chung-toi\/","url":"https:\/\/sanatmetal.hu\/ve-chung-toi\/","name":"V\u1ec1 ch\u00fang t\u00f4i - Sanatmetal","isPartOf":{"@id":"https:\/\/sanatmetal.hu\/#website"},"primaryImageOfPage":{"@id":"https:\/\/sanatmetal.hu\/ve-chung-toi\/#primaryimage"},"image":{"@id":"https:\/\/sanatmetal.hu\/ve-chung-toi\/#primaryimage"},"thumbnailUrl":"https:\/\/sanatmetal.hu\/wp-content\/uploads\/2020\/01\/header_rolunk.webp","datePublished":"2026-04-30T08:34:25+00:00","breadcrumb":{"@id":"https:\/\/sanatmetal.hu\/ve-chung-toi\/#breadcrumb"},"inLanguage":"vi-VN","potentialAction":[{"@type":"ReadAction","target":["https:\/\/sanatmetal.hu\/ve-chung-toi\/"]}]},{"@type":"ImageObject","inLanguage":"vi-VN","@id":"https:\/\/sanatmetal.hu\/ve-chung-toi\/#primaryimage","url":"https:\/\/sanatmetal.hu\/wp-content\/uploads\/2020\/01\/header_rolunk.webp","contentUrl":"https:\/\/sanatmetal.hu\/wp-content\/uploads\/2020\/01\/header_rolunk.webp","width":1914,"height":776},{"@type":"BreadcrumbList","@id":"https:\/\/sanatmetal.hu\/ve-chung-toi\/#breadcrumb","itemListElement":[{"@type":"ListItem","position":1,"name":"Home","item":"https:\/\/sanatmetal.hu\/trang-chu\/"},{"@type":"ListItem","position":2,"name":"V\u1ec1 ch\u00fang t\u00f4i"}]},{"@type":"WebSite","@id":"https:\/\/sanatmetal.hu\/#website","url":"https:\/\/sanatmetal.hu\/","name":"Sanatmetal","description":"","publisher":{"@id":"https:\/\/sanatmetal.hu\/#organization"},"potentialAction":[{"@type":"SearchAction","target":{"@type":"EntryPoint","urlTemplate":"https:\/\/sanatmetal.hu\/?s={search_term_string}"},"query-input":{"@type":"PropertyValueSpecification","valueRequired":true,"valueName":"search_term_string"}}],"inLanguage":"vi-VN"},{"@type":"Organization","@id":"https:\/\/sanatmetal.hu\/#organization","name":"Sanatmetal","url":"https:\/\/sanatmetal.hu\/","logo":{"@type":"ImageObject","inLanguage":"vi-VN","@id":"https:\/\/sanatmetal.hu\/#\/schema\/logo\/image\/","url":"https:\/\/sanatmetal.hu\/wp-content\/uploads\/2024\/10\/Nevtelen-terv-5-e1728647058747.png","contentUrl":"https:\/\/sanatmetal.hu\/wp-content\/uploads\/2024\/10\/Nevtelen-terv-5-e1728647058747.png","width":1410,"height":1293,"caption":"Sanatmetal"},"image":{"@id":"https:\/\/sanatmetal.hu\/#\/schema\/logo\/image\/"}}]}},"_links":{"self":[{"href":"https:\/\/sanatmetal.hu\/vi\/wp-json\/wp\/v2\/pages\/18938","targetHints":{"allow":["GET"]}}],"collection":[{"href":"https:\/\/sanatmetal.hu\/vi\/wp-json\/wp\/v2\/pages"}],"about":[{"href":"https:\/\/sanatmetal.hu\/vi\/wp-json\/wp\/v2\/types\/page"}],"author":[{"embeddable":true,"href":"https:\/\/sanatmetal.hu\/vi\/wp-json\/wp\/v2\/users\/1"}],"replies":[{"embeddable":true,"href":"https:\/\/sanatmetal.hu\/vi\/wp-json\/wp\/v2\/comments?post=18938"}],"version-history":[{"count":0,"href":"https:\/\/sanatmetal.hu\/vi\/wp-json\/wp\/v2\/pages\/18938\/revisions"}],"wp:featuredmedia":[{"embeddable":true,"href":"https:\/\/sanatmetal.hu\/vi\/wp-json\/wp\/v2\/media\/18939"}],"wp:attachment":[{"href":"https:\/\/sanatmetal.hu\/vi\/wp-json\/wp\/v2\/media?parent=18938"}],"curies":[{"name":"wp","href":"https:\/\/api.w.org\/{rel}","templated":true}]}}